{"id":205,"date":"2017-09-27T15:38:11","date_gmt":"2017-09-27T14:38:11","guid":{"rendered":"https:\/\/chriservice.wordpress.com\/?page_id=205"},"modified":"2024-01-18T10:32:43","modified_gmt":"2024-01-18T09:32:43","slug":"telephonie","status":"publish","type":"page","link":"https:\/\/chriservice.fr\/?page_id=205","title":{"rendered":"T\u00e9l\u00e9phonie"},"content":{"rendered":"<h3 style=\"text-align: center;\"><span style=\"color: #000000;\"><strong><span style=\"color: #008080;\">Nos services t\u00e9l\u00e9phonie :<\/span><\/strong><\/span><\/h3>\n<p style=\"text-align: center;\"><span style=\"color: #000000;\">R\u00e9paration de votre t\u00e9l\u00e9phone ou tablette dans notre <\/span><span style=\"color: #000000;\">magasin. Intervention\u00a0dans les meilleurs d\u00e9lais.<\/span><\/p>\n\n<div class=\"wp-block-image\">\n<figure class=\"aligncenter size-large\"><img fetchpriority=\"high\" decoding=\"async\" width=\"1024\" height=\"576\" src=\"http:\/\/chriservice.fr\/wp-content\/uploads\/2020\/02\/coque-iphone-8-plus-asse-544gqs-1024x576.jpg\" alt=\"\" class=\"wp-image-320\" srcset=\"https:\/\/chriservice.fr\/wp-content\/uploads\/2020\/02\/coque-iphone-8-plus-asse-544gqs-1024x576.jpg 1024w, https:\/\/chriservice.fr\/wp-content\/uploads\/2020\/02\/coque-iphone-8-plus-asse-544gqs-300x169.jpg 300w, https:\/\/chriservice.fr\/wp-content\/uploads\/2020\/02\/coque-iphone-8-plus-asse-544gqs-768x432.jpg 768w, https:\/\/chriservice.fr\/wp-content\/uploads\/2020\/02\/coque-iphone-8-plus-asse-544gqs.jpg 1200w\" sizes=\"(max-width: 1024px) 100vw, 1024px\" \/><\/figure>\n<\/div>\n\n<p style=\"text-align: center;\">A votre disposition en magasin\u00a0: Batteries Externe, Ecran verre tremp\u00e9, Perche \u00e0 selfies, Chargeurs, C\u00e2bles de t\u00e9l\u00e9phone, Kit mains libre, Support voitures et pleins d&rsquo;autres accessoires.<\/p>\n\n<div class=\"wp-block-image\">\n<figure class=\"aligncenter size-large\"><img decoding=\"async\" width=\"1024\" height=\"768\" src=\"http:\/\/chriservice.fr\/wp-content\/uploads\/2020\/02\/87534225_212914736773985_5433308022292086784_n-1024x768.jpg\" alt=\"\" class=\"wp-image-316\" srcset=\"https:\/\/chriservice.fr\/wp-content\/uploads\/2020\/02\/87534225_212914736773985_5433308022292086784_n-1024x768.jpg 1024w, https:\/\/chriservice.fr\/wp-content\/uploads\/2020\/02\/87534225_212914736773985_5433308022292086784_n-300x225.jpg 300w, https:\/\/chriservice.fr\/wp-content\/uploads\/2020\/02\/87534225_212914736773985_5433308022292086784_n-768x576.jpg 768w, https:\/\/chriservice.fr\/wp-content\/uploads\/2020\/02\/87534225_212914736773985_5433308022292086784_n-1536x1152.jpg 1536w, https:\/\/chriservice.fr\/wp-content\/uploads\/2020\/02\/87534225_212914736773985_5433308022292086784_n-2048x1536.jpg 2048w\" sizes=\"(max-width: 1024px) 100vw, 1024px\" \/><\/figure>\n<\/div>","protected":false},"excerpt":{"rendered":"<p>Nos services t\u00e9l\u00e9phonie : R\u00e9paration de votre t\u00e9l\u00e9phone ou tablette dans notre magasin. Intervention\u00a0dans les meilleurs d\u00e9lais. A votre disposition en magasin\u00a0: Batteries Externe, Ecran verre tremp\u00e9, Perche \u00e0 selfies, Chargeurs, C\u00e2bles de t\u00e9l\u00e9phone, Kit mains libre, Support voitures et pleins d&rsquo;autres accessoires.<\/p>\n","protected":false},"author":1,"featured_media":215,"parent":0,"menu_order":0,"comment_status":"closed","ping_status":"closed","template":"","meta":{"_uag_custom_page_level_css":"","_themeisle_gutenberg_block_has_review":false,"footnotes":""},"class_list":["post-205","page","type-page","status-publish","has-post-thumbnail","hentry"],"yoast_head":"<!-- This site is optimized with the Yoast SEO plugin v26.3 - https:\/\/yoast.com\/wordpress\/plugins\/seo\/ -->\n<title>T\u00e9l\u00e9phonie - Chriservice<\/title>\n<meta name=\"robots\" content=\"index, follow, max-snippet:-1, max-image-preview:large, max-video-preview:-1\" \/>\n<link rel=\"canonical\" href=\"https:\/\/chriservice.fr\/?page_id=205\" \/>\n<meta property=\"og:locale\" content=\"fr_FR\" \/>\n<meta property=\"og:type\" content=\"article\" \/>\n<meta property=\"og:title\" content=\"T\u00e9l\u00e9phonie - Chriservice\" \/>\n<meta property=\"og:description\" content=\"Nos services t\u00e9l\u00e9phonie : R\u00e9paration de votre t\u00e9l\u00e9phone ou tablette dans notre magasin. Intervention\u00a0dans les meilleurs d\u00e9lais. A votre disposition en magasin\u00a0: Batteries Externe, Ecran verre tremp\u00e9, Perche \u00e0 selfies, Chargeurs, C\u00e2bles de t\u00e9l\u00e9phone, Kit mains libre, Support voitures et pleins d&rsquo;autres accessoires.\" \/>\n<meta property=\"og:url\" content=\"https:\/\/chriservice.fr\/?page_id=205\" \/>\n<meta property=\"og:site_name\" content=\"Chriservice\" \/>\n<meta property=\"article:modified_time\" content=\"2024-01-18T09:32:43+00:00\" \/>\n<meta property=\"og:image\" content=\"https:\/\/chriservice.fr\/wp-content\/uploads\/2017\/09\/iphone-x.jpg\" \/>\n\t<meta property=\"og:image:width\" content=\"835\" \/>\n\t<meta property=\"og:image:height\" content=\"641\" \/>\n\t<meta property=\"og:image:type\" content=\"image\/jpeg\" \/>\n<meta name=\"twitter:card\" content=\"summary_large_image\" \/>\n<meta name=\"twitter:label1\" content=\"Dur\u00e9e de lecture estim\u00e9e\" \/>\n\t<meta name=\"twitter:data1\" content=\"1 minute\" \/>\n<script type=\"application\/ld+json\" class=\"yoast-schema-graph\">{\"@context\":\"https:\/\/schema.org\",\"@graph\":[{\"@type\":\"WebPage\",\"@id\":\"https:\/\/chriservice.fr\/?page_id=205\",\"url\":\"https:\/\/chriservice.fr\/?page_id=205\",\"name\":\"T\u00e9l\u00e9phonie - Chriservice\",\"isPartOf\":{\"@id\":\"http:\/\/chriservice.fr\/#website\"},\"primaryImageOfPage\":{\"@id\":\"https:\/\/chriservice.fr\/?page_id=205#primaryimage\"},\"image\":{\"@id\":\"https:\/\/chriservice.fr\/?page_id=205#primaryimage\"},\"thumbnailUrl\":\"https:\/\/chriservice.fr\/wp-content\/uploads\/2017\/09\/iphone-x.jpg\",\"datePublished\":\"2017-09-27T14:38:11+00:00\",\"dateModified\":\"2024-01-18T09:32:43+00:00\",\"breadcrumb\":{\"@id\":\"https:\/\/chriservice.fr\/?page_id=205#breadcrumb\"},\"inLanguage\":\"fr-FR\",\"potentialAction\":[{\"@type\":\"ReadAction\",\"target\":[\"https:\/\/chriservice.fr\/?page_id=205\"]}]},{\"@type\":\"ImageObject\",\"inLanguage\":\"fr-FR\",\"@id\":\"https:\/\/chriservice.fr\/?page_id=205#primaryimage\",\"url\":\"https:\/\/chriservice.fr\/wp-content\/uploads\/2017\/09\/iphone-x.jpg\",\"contentUrl\":\"https:\/\/chriservice.fr\/wp-content\/uploads\/2017\/09\/iphone-x.jpg\",\"width\":835,\"height\":641},{\"@type\":\"BreadcrumbList\",\"@id\":\"https:\/\/chriservice.fr\/?page_id=205#breadcrumb\",\"itemListElement\":[{\"@type\":\"ListItem\",\"position\":1,\"name\":\"Accueil\",\"item\":\"http:\/\/chriservice.fr\/\"},{\"@type\":\"ListItem\",\"position\":2,\"name\":\"T\u00e9l\u00e9phonie\"}]},{\"@type\":\"WebSite\",\"@id\":\"http:\/\/chriservice.fr\/#website\",\"url\":\"http:\/\/chriservice.fr\/\",\"name\":\"Chriservice\",\"description\":\"Votre magasin Photos et Informatique\",\"publisher\":{\"@id\":\"http:\/\/chriservice.fr\/#organization\"},\"potentialAction\":[{\"@type\":\"SearchAction\",\"target\":{\"@type\":\"EntryPoint\",\"urlTemplate\":\"http:\/\/chriservice.fr\/?s={search_term_string}\"},\"query-input\":{\"@type\":\"PropertyValueSpecification\",\"valueRequired\":true,\"valueName\":\"search_term_string\"}}],\"inLanguage\":\"fr-FR\"},{\"@type\":\"Organization\",\"@id\":\"http:\/\/chriservice.fr\/#organization\",\"name\":\"Chriservice\",\"url\":\"http:\/\/chriservice.fr\/\",\"logo\":{\"@type\":\"ImageObject\",\"inLanguage\":\"fr-FR\",\"@id\":\"http:\/\/chriservice.fr\/#\/schema\/logo\/image\/\",\"url\":\"https:\/\/chriservice.fr\/wp-content\/uploads\/2023\/12\/Chriservice.png\",\"contentUrl\":\"https:\/\/chriservice.fr\/wp-content\/uploads\/2023\/12\/Chriservice.png\",\"width\":500,\"height\":500,\"caption\":\"Chriservice\"},\"image\":{\"@id\":\"http:\/\/chriservice.fr\/#\/schema\/logo\/image\/\"},\"sameAs\":[\"https:\/\/www.instagram.com\/chriservice92\/?hl=fr\"]}]}<\/script>\n<!-- \/ Yoast SEO plugin. -->","yoast_head_json":{"title":"T\u00e9l\u00e9phonie - Chriservice","robots":{"index":"index","follow":"follow","max-snippet":"max-snippet:-1","max-image-preview":"max-image-preview:large","max-video-preview":"max-video-preview:-1"},"canonical":"https:\/\/chriservice.fr\/?page_id=205","og_locale":"fr_FR","og_type":"article","og_title":"T\u00e9l\u00e9phonie - Chriservice","og_description":"Nos services t\u00e9l\u00e9phonie : R\u00e9paration de votre t\u00e9l\u00e9phone ou tablette dans notre magasin. Intervention\u00a0dans les meilleurs d\u00e9lais. A votre disposition en magasin\u00a0: Batteries Externe, Ecran verre tremp\u00e9, Perche \u00e0 selfies, Chargeurs, C\u00e2bles de t\u00e9l\u00e9phone, Kit mains libre, Support voitures et pleins d&rsquo;autres accessoires.","og_url":"https:\/\/chriservice.fr\/?page_id=205","og_site_name":"Chriservice","article_modified_time":"2024-01-18T09:32:43+00:00","og_image":[{"width":835,"height":641,"url":"https:\/\/chriservice.fr\/wp-content\/uploads\/2017\/09\/iphone-x.jpg","type":"image\/jpeg"}],"twitter_card":"summary_large_image","twitter_misc":{"Dur\u00e9e de lecture estim\u00e9e":"1 minute"},"schema":{"@context":"https:\/\/schema.org","@graph":[{"@type":"WebPage","@id":"https:\/\/chriservice.fr\/?page_id=205","url":"https:\/\/chriservice.fr\/?page_id=205","name":"T\u00e9l\u00e9phonie - Chriservice","isPartOf":{"@id":"http:\/\/chriservice.fr\/#website"},"primaryImageOfPage":{"@id":"https:\/\/chriservice.fr\/?page_id=205#primaryimage"},"image":{"@id":"https:\/\/chriservice.fr\/?page_id=205#primaryimage"},"thumbnailUrl":"https:\/\/chriservice.fr\/wp-content\/uploads\/2017\/09\/iphone-x.jpg","datePublished":"2017-09-27T14:38:11+00:00","dateModified":"2024-01-18T09:32:43+00:00","breadcrumb":{"@id":"https:\/\/chriservice.fr\/?page_id=205#breadcrumb"},"inLanguage":"fr-FR","potentialAction":[{"@type":"ReadAction","target":["https:\/\/chriservice.fr\/?page_id=205"]}]},{"@type":"ImageObject","inLanguage":"fr-FR","@id":"https:\/\/chriservice.fr\/?page_id=205#primaryimage","url":"https:\/\/chriservice.fr\/wp-content\/uploads\/2017\/09\/iphone-x.jpg","contentUrl":"https:\/\/chriservice.fr\/wp-content\/uploads\/2017\/09\/iphone-x.jpg","width":835,"height":641},{"@type":"BreadcrumbList","@id":"https:\/\/chriservice.fr\/?page_id=205#breadcrumb","itemListElement":[{"@type":"ListItem","position":1,"name":"Accueil","item":"http:\/\/chriservice.fr\/"},{"@type":"ListItem","position":2,"name":"T\u00e9l\u00e9phonie"}]},{"@type":"WebSite","@id":"http:\/\/chriservice.fr\/#website","url":"http:\/\/chriservice.fr\/","name":"Chriservice","description":"Votre magasin Photos et Informatique","publisher":{"@id":"http:\/\/chriservice.fr\/#organization"},"potentialAction":[{"@type":"SearchAction","target":{"@type":"EntryPoint","urlTemplate":"http:\/\/chriservice.fr\/?s={search_term_string}"},"query-input":{"@type":"PropertyValueSpecification","valueRequired":true,"valueName":"search_term_string"}}],"inLanguage":"fr-FR"},{"@type":"Organization","@id":"http:\/\/chriservice.fr\/#organization","name":"Chriservice","url":"http:\/\/chriservice.fr\/","logo":{"@type":"ImageObject","inLanguage":"fr-FR","@id":"http:\/\/chriservice.fr\/#\/schema\/logo\/image\/","url":"https:\/\/chriservice.fr\/wp-content\/uploads\/2023\/12\/Chriservice.png","contentUrl":"https:\/\/chriservice.fr\/wp-content\/uploads\/2023\/12\/Chriservice.png","width":500,"height":500,"caption":"Chriservice"},"image":{"@id":"http:\/\/chriservice.fr\/#\/schema\/logo\/image\/"},"sameAs":["https:\/\/www.instagram.com\/chriservice92\/?hl=fr"]}]}},"uagb_featured_image_src":{"full":["https:\/\/chriservice.fr\/wp-content\/uploads\/2017\/09\/iphone-x.jpg",835,641,false],"thumbnail":["https:\/\/chriservice.fr\/wp-content\/uploads\/2017\/09\/iphone-x-150x150.jpg",150,150,true],"medium":["https:\/\/chriservice.fr\/wp-content\/uploads\/2017\/09\/iphone-x-300x230.jpg",300,230,true],"medium_large":["https:\/\/chriservice.fr\/wp-content\/uploads\/2017\/09\/iphone-x-768x590.jpg",600,461,true],"large":["https:\/\/chriservice.fr\/wp-content\/uploads\/2017\/09\/iphone-x.jpg",600,461,false],"1536x1536":["https:\/\/chriservice.fr\/wp-content\/uploads\/2017\/09\/iphone-x.jpg",835,641,false],"2048x2048":["https:\/\/chriservice.fr\/wp-content\/uploads\/2017\/09\/iphone-x.jpg",835,641,false],"post-image":["https:\/\/chriservice.fr\/wp-content\/uploads\/2017\/09\/iphone-x.jpg",835,641,false],"post-thumb":["https:\/\/chriservice.fr\/wp-content\/uploads\/2017\/09\/iphone-x.jpg",508,390,false]},"uagb_author_info":{"display_name":"Chriservice","author_link":"https:\/\/chriservice.fr\/?author=1"},"uagb_comment_info":0,"uagb_excerpt":"Nos services t\u00e9l\u00e9phonie : R\u00e9paration de votre t\u00e9l\u00e9phone ou tablette dans notre magasin. Intervention\u00a0dans les meilleurs d\u00e9lais. A votre disposition en magasin\u00a0: Batteries Externe, Ecran verre tremp\u00e9, Perche \u00e0 selfies, Chargeurs, C\u00e2bles de t\u00e9l\u00e9phone, Kit mains libre, Support voitures et pleins d&rsquo;autres accessoires.","_links":{"self":[{"href":"https:\/\/chriservice.fr\/index.php?rest_route=\/wp\/v2\/pages\/205","targetHints":{"allow":["GET"]}}],"collection":[{"href":"https:\/\/chriservice.fr\/index.php?rest_route=\/wp\/v2\/pages"}],"about":[{"href":"https:\/\/chriservice.fr\/index.php?rest_route=\/wp\/v2\/types\/page"}],"author":[{"embeddable":true,"href":"https:\/\/chriservice.fr\/index.php?rest_route=\/wp\/v2\/users\/1"}],"replies":[{"embeddable":true,"href":"https:\/\/chriservice.fr\/index.php?rest_route=%2Fwp%2Fv2%2Fcomments&post=205"}],"version-history":[{"count":2,"href":"https:\/\/chriservice.fr\/index.php?rest_route=\/wp\/v2\/pages\/205\/revisions"}],"predecessor-version":[{"id":952,"href":"https:\/\/chriservice.fr\/index.php?rest_route=\/wp\/v2\/pages\/205\/revisions\/952"}],"wp:featuredmedia":[{"embeddable":true,"href":"https:\/\/chriservice.fr\/index.php?rest_route=\/wp\/v2\/media\/215"}],"wp:attachment":[{"href":"https:\/\/chriservice.fr\/index.php?rest_route=%2Fwp%2Fv2%2Fmedia&parent=205"}],"curies":[{"name":"wp","href":"https:\/\/api.w.org\/{rel}","templated":true}]}}