{"id":37,"date":"2017-04-25T12:19:04","date_gmt":"2017-04-25T11:19:04","guid":{"rendered":"https:\/\/chriservice.wordpress.com\/?page_id=37"},"modified":"2024-01-18T10:23:42","modified_gmt":"2024-01-18T09:23:42","slug":"informatique","status":"publish","type":"page","link":"https:\/\/chriservice.fr\/?page_id=37","title":{"rendered":"Informatique"},"content":{"rendered":"<p style=\"text-align: center;\">Avec de nombreuses ann\u00e9es d\u2019exp\u00e9riences\u00a0dans le domaine du d\u00e9pannage et de la r\u00e9paration informatique, nous vous offrons un service de qualit\u00e9 et de proximit\u00e9 \u00e0 Clamart.<\/p>\n\n\n<figure class=\"wp-block-gallery has-nested-images columns-default is-cropped wp-block-gallery-1 is-layout-flex wp-block-gallery-is-layout-flex\">\n<figure class=\"wp-block-image size-large\"><img fetchpriority=\"high\" decoding=\"async\" width=\"800\" height=\"600\" data-id=\"329\" src=\"http:\/\/chriservice.fr\/wp-content\/uploads\/2020\/02\/essai.jpeg\" alt=\"\" class=\"wp-image-329\" srcset=\"https:\/\/chriservice.fr\/wp-content\/uploads\/2020\/02\/essai.jpeg 800w, https:\/\/chriservice.fr\/wp-content\/uploads\/2020\/02\/essai-300x225.jpeg 300w, https:\/\/chriservice.fr\/wp-content\/uploads\/2020\/02\/essai-768x576.jpeg 768w\" sizes=\"(max-width: 800px) 100vw, 800px\" \/><\/figure>\n\n\n\n<figure class=\"wp-block-image size-large\"><img decoding=\"async\" width=\"800\" height=\"534\" data-id=\"328\" src=\"http:\/\/chriservice.fr\/wp-content\/uploads\/2020\/02\/dsc3017-1.jpg\" alt=\"\" class=\"wp-image-328\" srcset=\"https:\/\/chriservice.fr\/wp-content\/uploads\/2020\/02\/dsc3017-1.jpg 800w, https:\/\/chriservice.fr\/wp-content\/uploads\/2020\/02\/dsc3017-1-300x200.jpg 300w, https:\/\/chriservice.fr\/wp-content\/uploads\/2020\/02\/dsc3017-1-768x513.jpg 768w\" sizes=\"(max-width: 800px) 100vw, 800px\" \/><\/figure>\n<\/figure>\n\n\n<h3 style=\"text-align: center;\"><span style=\"color: #2a55d4;\"><strong>Nos services Informatique :<\/strong><\/span><\/h3>\n<p style=\"text-align: center;\">R\u00e9paration de votre ordinateur dans notre magasin ou \u00e0 domicile.<br \/>Intervention dans les meilleurs d\u00e9lais.<\/p>\n<p style=\"text-align: center;\">A votre disposition en magasin\u00a0: Carte m\u00e9moires, Disques durs, Cartes graphiques, Connectiques, Claviers, Souris, Cl\u00e9s USB, \u00a0Cartouches et consommables pour votre ordinateur.<\/p>\n\n<div class=\"wp-block-image\">\n<figure class=\"aligncenter size-large\"><img decoding=\"async\" width=\"724\" height=\"1024\" src=\"http:\/\/chriservice.fr\/wp-content\/uploads\/2022\/10\/de2949cc2aepannage-informatique-2022-724x1024.png\" alt=\"\" class=\"wp-image-434\" srcset=\"https:\/\/chriservice.fr\/wp-content\/uploads\/2022\/10\/de2949cc2aepannage-informatique-2022-724x1024.png 724w, https:\/\/chriservice.fr\/wp-content\/uploads\/2022\/10\/de2949cc2aepannage-informatique-2022-212x300.png 212w, https:\/\/chriservice.fr\/wp-content\/uploads\/2022\/10\/de2949cc2aepannage-informatique-2022-768x1086.png 768w, https:\/\/chriservice.fr\/wp-content\/uploads\/2022\/10\/de2949cc2aepannage-informatique-2022-1086x1536.png 1086w, https:\/\/chriservice.fr\/wp-content\/uploads\/2022\/10\/de2949cc2aepannage-informatique-2022-1448x2048.png 1448w\" sizes=\"(max-width: 724px) 100vw, 724px\" \/><\/figure>\n<\/div>","protected":false},"excerpt":{"rendered":"<p>Avec de nombreuses ann\u00e9es d\u2019exp\u00e9riences\u00a0dans le domaine du d\u00e9pannage et de la r\u00e9paration informatique, nous vous offrons un service de qualit\u00e9 et de proximit\u00e9 \u00e0 Clamart. Nos services Informatique : R\u00e9paration de votre ordinateur dans notre magasin ou \u00e0 domicile.Intervention dans les meilleurs d\u00e9lais. A votre disposition en magasin\u00a0: Carte m\u00e9moires, Disques durs, Cartes graphiques, [&hellip;]<\/p>\n","protected":false},"author":1,"featured_media":73,"parent":0,"menu_order":0,"comment_status":"closed","ping_status":"closed","template":"","meta":{"_uag_custom_page_level_css":"","_themeisle_gutenberg_block_has_review":false,"footnotes":""},"class_list":["post-37","page","type-page","status-publish","has-post-thumbnail","hentry"],"yoast_head":"<!-- This site is optimized with the Yoast SEO plugin v26.3 - https:\/\/yoast.com\/wordpress\/plugins\/seo\/ -->\n<title>Informatique - Chriservice<\/title>\n<meta name=\"robots\" content=\"index, follow, max-snippet:-1, max-image-preview:large, max-video-preview:-1\" \/>\n<link rel=\"canonical\" href=\"http:\/\/chriservice.fr\/?page_id=37\" \/>\n<meta property=\"og:locale\" content=\"fr_FR\" \/>\n<meta property=\"og:type\" content=\"article\" \/>\n<meta property=\"og:title\" content=\"Informatique - Chriservice\" \/>\n<meta property=\"og:description\" content=\"Avec de nombreuses ann\u00e9es d\u2019exp\u00e9riences\u00a0dans le domaine du d\u00e9pannage et de la r\u00e9paration informatique, nous vous offrons un service de qualit\u00e9 et de proximit\u00e9 \u00e0 Clamart. Nos services Informatique : R\u00e9paration de votre ordinateur dans notre magasin ou \u00e0 domicile.Intervention dans les meilleurs d\u00e9lais. A votre disposition en magasin\u00a0: Carte m\u00e9moires, Disques durs, Cartes graphiques, [&hellip;]\" \/>\n<meta property=\"og:url\" content=\"http:\/\/chriservice.fr\/?page_id=37\" \/>\n<meta property=\"og:site_name\" content=\"Chriservice\" \/>\n<meta property=\"article:modified_time\" content=\"2024-01-18T09:23:42+00:00\" \/>\n<meta property=\"og:image\" content=\"http:\/\/chriservice.fr\/wp-content\/uploads\/2017\/04\/photo-5.jpg\" \/>\n\t<meta property=\"og:image:width\" content=\"960\" \/>\n\t<meta property=\"og:image:height\" content=\"640\" \/>\n\t<meta property=\"og:image:type\" content=\"image\/jpeg\" \/>\n<meta name=\"twitter:card\" content=\"summary_large_image\" \/>\n<meta name=\"twitter:label1\" content=\"Dur\u00e9e de lecture estim\u00e9e\" \/>\n\t<meta name=\"twitter:data1\" content=\"2 minutes\" \/>\n<script type=\"application\/ld+json\" class=\"yoast-schema-graph\">{\"@context\":\"https:\/\/schema.org\",\"@graph\":[{\"@type\":\"WebPage\",\"@id\":\"http:\/\/chriservice.fr\/?page_id=37\",\"url\":\"http:\/\/chriservice.fr\/?page_id=37\",\"name\":\"Informatique - Chriservice\",\"isPartOf\":{\"@id\":\"http:\/\/chriservice.fr\/#website\"},\"primaryImageOfPage\":{\"@id\":\"http:\/\/chriservice.fr\/?page_id=37#primaryimage\"},\"image\":{\"@id\":\"http:\/\/chriservice.fr\/?page_id=37#primaryimage\"},\"thumbnailUrl\":\"https:\/\/chriservice.fr\/wp-content\/uploads\/2017\/04\/photo-5.jpg\",\"datePublished\":\"2017-04-25T11:19:04+00:00\",\"dateModified\":\"2024-01-18T09:23:42+00:00\",\"breadcrumb\":{\"@id\":\"http:\/\/chriservice.fr\/?page_id=37#breadcrumb\"},\"inLanguage\":\"fr-FR\",\"potentialAction\":[{\"@type\":\"ReadAction\",\"target\":[\"http:\/\/chriservice.fr\/?page_id=37\"]}]},{\"@type\":\"ImageObject\",\"inLanguage\":\"fr-FR\",\"@id\":\"http:\/\/chriservice.fr\/?page_id=37#primaryimage\",\"url\":\"https:\/\/chriservice.fr\/wp-content\/uploads\/2017\/04\/photo-5.jpg\",\"contentUrl\":\"https:\/\/chriservice.fr\/wp-content\/uploads\/2017\/04\/photo-5.jpg\",\"width\":960,\"height\":640},{\"@type\":\"BreadcrumbList\",\"@id\":\"http:\/\/chriservice.fr\/?page_id=37#breadcrumb\",\"itemListElement\":[{\"@type\":\"ListItem\",\"position\":1,\"name\":\"Accueil\",\"item\":\"http:\/\/chriservice.fr\/\"},{\"@type\":\"ListItem\",\"position\":2,\"name\":\"Informatique\"}]},{\"@type\":\"WebSite\",\"@id\":\"http:\/\/chriservice.fr\/#website\",\"url\":\"http:\/\/chriservice.fr\/\",\"name\":\"Chriservice\",\"description\":\"Votre magasin Photos et Informatique\",\"publisher\":{\"@id\":\"http:\/\/chriservice.fr\/#organization\"},\"potentialAction\":[{\"@type\":\"SearchAction\",\"target\":{\"@type\":\"EntryPoint\",\"urlTemplate\":\"http:\/\/chriservice.fr\/?s={search_term_string}\"},\"query-input\":{\"@type\":\"PropertyValueSpecification\",\"valueRequired\":true,\"valueName\":\"search_term_string\"}}],\"inLanguage\":\"fr-FR\"},{\"@type\":\"Organization\",\"@id\":\"http:\/\/chriservice.fr\/#organization\",\"name\":\"Chriservice\",\"url\":\"http:\/\/chriservice.fr\/\",\"logo\":{\"@type\":\"ImageObject\",\"inLanguage\":\"fr-FR\",\"@id\":\"http:\/\/chriservice.fr\/#\/schema\/logo\/image\/\",\"url\":\"https:\/\/chriservice.fr\/wp-content\/uploads\/2023\/12\/Chriservice.png\",\"contentUrl\":\"https:\/\/chriservice.fr\/wp-content\/uploads\/2023\/12\/Chriservice.png\",\"width\":500,\"height\":500,\"caption\":\"Chriservice\"},\"image\":{\"@id\":\"http:\/\/chriservice.fr\/#\/schema\/logo\/image\/\"},\"sameAs\":[\"https:\/\/www.instagram.com\/chriservice92\/?hl=fr\"]}]}<\/script>\n<!-- \/ Yoast SEO plugin. -->","yoast_head_json":{"title":"Informatique - Chriservice","robots":{"index":"index","follow":"follow","max-snippet":"max-snippet:-1","max-image-preview":"max-image-preview:large","max-video-preview":"max-video-preview:-1"},"canonical":"http:\/\/chriservice.fr\/?page_id=37","og_locale":"fr_FR","og_type":"article","og_title":"Informatique - Chriservice","og_description":"Avec de nombreuses ann\u00e9es d\u2019exp\u00e9riences\u00a0dans le domaine du d\u00e9pannage et de la r\u00e9paration informatique, nous vous offrons un service de qualit\u00e9 et de proximit\u00e9 \u00e0 Clamart. Nos services Informatique : R\u00e9paration de votre ordinateur dans notre magasin ou \u00e0 domicile.Intervention dans les meilleurs d\u00e9lais. A votre disposition en magasin\u00a0: Carte m\u00e9moires, Disques durs, Cartes graphiques, [&hellip;]","og_url":"http:\/\/chriservice.fr\/?page_id=37","og_site_name":"Chriservice","article_modified_time":"2024-01-18T09:23:42+00:00","og_image":[{"width":960,"height":640,"url":"http:\/\/chriservice.fr\/wp-content\/uploads\/2017\/04\/photo-5.jpg","type":"image\/jpeg"}],"twitter_card":"summary_large_image","twitter_misc":{"Dur\u00e9e de lecture estim\u00e9e":"2 minutes"},"schema":{"@context":"https:\/\/schema.org","@graph":[{"@type":"WebPage","@id":"http:\/\/chriservice.fr\/?page_id=37","url":"http:\/\/chriservice.fr\/?page_id=37","name":"Informatique - Chriservice","isPartOf":{"@id":"http:\/\/chriservice.fr\/#website"},"primaryImageOfPage":{"@id":"http:\/\/chriservice.fr\/?page_id=37#primaryimage"},"image":{"@id":"http:\/\/chriservice.fr\/?page_id=37#primaryimage"},"thumbnailUrl":"https:\/\/chriservice.fr\/wp-content\/uploads\/2017\/04\/photo-5.jpg","datePublished":"2017-04-25T11:19:04+00:00","dateModified":"2024-01-18T09:23:42+00:00","breadcrumb":{"@id":"http:\/\/chriservice.fr\/?page_id=37#breadcrumb"},"inLanguage":"fr-FR","potentialAction":[{"@type":"ReadAction","target":["http:\/\/chriservice.fr\/?page_id=37"]}]},{"@type":"ImageObject","inLanguage":"fr-FR","@id":"http:\/\/chriservice.fr\/?page_id=37#primaryimage","url":"https:\/\/chriservice.fr\/wp-content\/uploads\/2017\/04\/photo-5.jpg","contentUrl":"https:\/\/chriservice.fr\/wp-content\/uploads\/2017\/04\/photo-5.jpg","width":960,"height":640},{"@type":"BreadcrumbList","@id":"http:\/\/chriservice.fr\/?page_id=37#breadcrumb","itemListElement":[{"@type":"ListItem","position":1,"name":"Accueil","item":"http:\/\/chriservice.fr\/"},{"@type":"ListItem","position":2,"name":"Informatique"}]},{"@type":"WebSite","@id":"http:\/\/chriservice.fr\/#website","url":"http:\/\/chriservice.fr\/","name":"Chriservice","description":"Votre magasin Photos et Informatique","publisher":{"@id":"http:\/\/chriservice.fr\/#organization"},"potentialAction":[{"@type":"SearchAction","target":{"@type":"EntryPoint","urlTemplate":"http:\/\/chriservice.fr\/?s={search_term_string}"},"query-input":{"@type":"PropertyValueSpecification","valueRequired":true,"valueName":"search_term_string"}}],"inLanguage":"fr-FR"},{"@type":"Organization","@id":"http:\/\/chriservice.fr\/#organization","name":"Chriservice","url":"http:\/\/chriservice.fr\/","logo":{"@type":"ImageObject","inLanguage":"fr-FR","@id":"http:\/\/chriservice.fr\/#\/schema\/logo\/image\/","url":"https:\/\/chriservice.fr\/wp-content\/uploads\/2023\/12\/Chriservice.png","contentUrl":"https:\/\/chriservice.fr\/wp-content\/uploads\/2023\/12\/Chriservice.png","width":500,"height":500,"caption":"Chriservice"},"image":{"@id":"http:\/\/chriservice.fr\/#\/schema\/logo\/image\/"},"sameAs":["https:\/\/www.instagram.com\/chriservice92\/?hl=fr"]}]}},"uagb_featured_image_src":{"full":["https:\/\/chriservice.fr\/wp-content\/uploads\/2017\/04\/photo-5.jpg",960,640,false],"thumbnail":["https:\/\/chriservice.fr\/wp-content\/uploads\/2017\/04\/photo-5-150x150.jpg",150,150,true],"medium":["https:\/\/chriservice.fr\/wp-content\/uploads\/2017\/04\/photo-5-300x200.jpg",300,200,true],"medium_large":["https:\/\/chriservice.fr\/wp-content\/uploads\/2017\/04\/photo-5-768x512.jpg",600,400,true],"large":["https:\/\/chriservice.fr\/wp-content\/uploads\/2017\/04\/photo-5.jpg",600,400,false],"1536x1536":["https:\/\/chriservice.fr\/wp-content\/uploads\/2017\/04\/photo-5.jpg",960,640,false],"2048x2048":["https:\/\/chriservice.fr\/wp-content\/uploads\/2017\/04\/photo-5.jpg",960,640,false],"post-image":["https:\/\/chriservice.fr\/wp-content\/uploads\/2017\/04\/photo-5.jpg",960,640,false],"post-thumb":["https:\/\/chriservice.fr\/wp-content\/uploads\/2017\/04\/photo-5.jpg",508,339,false]},"uagb_author_info":{"display_name":"Chriservice","author_link":"https:\/\/chriservice.fr\/?author=1"},"uagb_comment_info":0,"uagb_excerpt":"Avec de nombreuses ann\u00e9es d\u2019exp\u00e9riences\u00a0dans le domaine du d\u00e9pannage et de la r\u00e9paration informatique, nous vous offrons un service de qualit\u00e9 et de proximit\u00e9 \u00e0 Clamart. Nos services Informatique : R\u00e9paration de votre ordinateur dans notre magasin ou \u00e0 domicile.Intervention dans les meilleurs d\u00e9lais. A votre disposition en magasin\u00a0: Carte m\u00e9moires, Disques durs, Cartes graphiques,\u2026","_links":{"self":[{"href":"https:\/\/chriservice.fr\/index.php?rest_route=\/wp\/v2\/pages\/37","targetHints":{"allow":["GET"]}}],"collection":[{"href":"https:\/\/chriservice.fr\/index.php?rest_route=\/wp\/v2\/pages"}],"about":[{"href":"https:\/\/chriservice.fr\/index.php?rest_route=\/wp\/v2\/types\/page"}],"author":[{"embeddable":true,"href":"https:\/\/chriservice.fr\/index.php?rest_route=\/wp\/v2\/users\/1"}],"replies":[{"embeddable":true,"href":"https:\/\/chriservice.fr\/index.php?rest_route=%2Fwp%2Fv2%2Fcomments&post=37"}],"version-history":[{"count":4,"href":"https:\/\/chriservice.fr\/index.php?rest_route=\/wp\/v2\/pages\/37\/revisions"}],"predecessor-version":[{"id":950,"href":"https:\/\/chriservice.fr\/index.php?rest_route=\/wp\/v2\/pages\/37\/revisions\/950"}],"wp:featuredmedia":[{"embeddable":true,"href":"https:\/\/chriservice.fr\/index.php?rest_route=\/wp\/v2\/media\/73"}],"wp:attachment":[{"href":"https:\/\/chriservice.fr\/index.php?rest_route=%2Fwp%2Fv2%2Fmedia&parent=37"}],"curies":[{"name":"wp","href":"https:\/\/api.w.org\/{rel}","templated":true}]}}