{"id":672,"date":"2017-04-25T11:40:07","date_gmt":"2017-04-25T10:40:07","guid":{"rendered":"https:\/\/chriservice.wordpress.com\/?page_id=2"},"modified":"2023-07-05T17:33:16","modified_gmt":"2023-07-05T15:33:16","slug":"a-propos","status":"publish","type":"page","link":"https:\/\/chriservice.fr\/?page_id=672","title":{"rendered":"\u00c0 propos"},"content":{"rendered":"\n<figure class=\"wp-block-gallery alignwide has-nested-images columns-default is-cropped wp-block-gallery-1 is-layout-flex wp-block-gallery-is-layout-flex\">\n<figure class=\"wp-block-image size-full ticss-727f2430\"><img fetchpriority=\"high\" decoding=\"async\" width=\"900\" height=\"600\" data-id=\"782\" src=\"http:\/\/chriservice.fr\/wp-content\/uploads\/2023\/06\/informatique.webp\" alt=\"\" class=\"wp-image-782\" srcset=\"https:\/\/chriservice.fr\/wp-content\/uploads\/2023\/06\/informatique.webp 900w, https:\/\/chriservice.fr\/wp-content\/uploads\/2023\/06\/informatique-300x200.webp 300w, https:\/\/chriservice.fr\/wp-content\/uploads\/2023\/06\/informatique-768x512.webp 768w\" sizes=\"(max-width: 900px) 100vw, 900px\" \/><\/figure>\n\n\n\n<figure class=\"wp-block-image size-full ticss-c33f6f37\"><img decoding=\"async\" width=\"1920\" height=\"1280\" data-id=\"324\" src=\"http:\/\/chriservice.fr\/wp-content\/uploads\/2020\/02\/appareil-photo-reflex.jpg\" alt=\"\" class=\"wp-image-324\" srcset=\"https:\/\/chriservice.fr\/wp-content\/uploads\/2020\/02\/appareil-photo-reflex.jpg 1920w, https:\/\/chriservice.fr\/wp-content\/uploads\/2020\/02\/appareil-photo-reflex-300x200.jpg 300w, https:\/\/chriservice.fr\/wp-content\/uploads\/2020\/02\/appareil-photo-reflex-1024x683.jpg 1024w, https:\/\/chriservice.fr\/wp-content\/uploads\/2020\/02\/appareil-photo-reflex-768x512.jpg 768w, https:\/\/chriservice.fr\/wp-content\/uploads\/2020\/02\/appareil-photo-reflex-1536x1024.jpg 1536w\" sizes=\"(max-width: 1920px) 100vw, 1920px\" \/><\/figure>\n<\/figure>\n\n\n<p style=\"text-align: center;\">Chriservice est v\u00f4tre nouvelle\u00a0 boutique photo et informatique !<\/p>\n<p style=\"text-align: center;\">Nous sommes passion\u00e9es par la photo, n\u00f4tre formation nous a permis d&rsquo;acqu\u00e9rir de solides bases th\u00e9oriques et pratiques. De plus, n\u00f4tre activit\u00e9 de photographe nous a donn\u00e9 l&rsquo;opportunit\u00e9 de travailler avec des professionels dans des domaines tels que le studio, le portrait et m\u00eame lors de vos plus beaux \u00e9v\u00e8nements. La photo demeure, pour nous, une passion, au service de nos clients.<\/p>\n<p style=\"text-align: center;\">Avec de nombreuses ann\u00e9es d&rsquo;exp\u00e9rience dans le domaine du d\u00e9pannage et de la r\u00e9paration informatique, nous vous offrons un service de qualit\u00e9 et de proximit\u00e9 \u00e0 Clamart. Besion d&rsquo;un d\u00e9pannage rapide ? D&rsquo;une mise \u00e0 jour de v\u00f4tre ordinateur ? Une sauvegarde de vos donn\u00e9es ? Nous sommes l\u00e0 pour vous aider. <a style=\"color: #ff6347;\" href=\"http:\/\/chriservice.fr\/?page_id=673\">Contactez nous !<\/a><\/p>","protected":false},"excerpt":{"rendered":"<p>Ceci est un petit extrait destin\u00e9 \u00e0 la &amp;nbsp;page \u00ab\u00a0\u00c0 propos\u00a0\u00bb.<\/p>\n","protected":false},"author":1,"featured_media":0,"parent":0,"menu_order":1,"comment_status":"closed","ping_status":"closed","template":"","meta":{"_uag_custom_page_level_css":"","_themeisle_gutenberg_block_has_review":false,"footnotes":""},"class_list":["post-672","page","type-page","status-publish","hentry"],"yoast_head":"<!-- This site is optimized with the Yoast SEO plugin v26.3 - https:\/\/yoast.com\/wordpress\/plugins\/seo\/ -->\n<title>\u00c0 propos - Chriservice<\/title>\n<meta name=\"robots\" content=\"index, follow, max-snippet:-1, max-image-preview:large, max-video-preview:-1\" \/>\n<link rel=\"canonical\" href=\"https:\/\/chriservice.fr\/?page_id=672\" \/>\n<meta property=\"og:locale\" content=\"fr_FR\" \/>\n<meta property=\"og:type\" content=\"article\" \/>\n<meta property=\"og:title\" content=\"\u00c0 propos - Chriservice\" \/>\n<meta property=\"og:description\" content=\"Ceci est un petit extrait destin\u00e9 \u00e0 la &amp;nbsp;page \u00ab\u00a0\u00c0 propos\u00a0\u00bb.\" \/>\n<meta property=\"og:url\" content=\"https:\/\/chriservice.fr\/?page_id=672\" \/>\n<meta property=\"og:site_name\" content=\"Chriservice\" \/>\n<meta property=\"article:modified_time\" content=\"2023-07-05T15:33:16+00:00\" \/>\n<meta property=\"og:image\" content=\"http:\/\/chriservice.fr\/wp-content\/uploads\/2023\/06\/informatique.webp\" \/>\n<meta name=\"twitter:card\" content=\"summary_large_image\" \/>\n<meta name=\"twitter:label1\" content=\"Dur\u00e9e de lecture estim\u00e9e\" \/>\n\t<meta name=\"twitter:data1\" content=\"1 minute\" \/>\n<script type=\"application\/ld+json\" class=\"yoast-schema-graph\">{\"@context\":\"https:\/\/schema.org\",\"@graph\":[{\"@type\":\"WebPage\",\"@id\":\"https:\/\/chriservice.fr\/?page_id=672\",\"url\":\"https:\/\/chriservice.fr\/?page_id=672\",\"name\":\"\u00c0 propos - Chriservice\",\"isPartOf\":{\"@id\":\"http:\/\/chriservice.fr\/#website\"},\"primaryImageOfPage\":{\"@id\":\"https:\/\/chriservice.fr\/?page_id=672#primaryimage\"},\"image\":{\"@id\":\"https:\/\/chriservice.fr\/?page_id=672#primaryimage\"},\"thumbnailUrl\":\"http:\/\/chriservice.fr\/wp-content\/uploads\/2023\/06\/informatique.webp\",\"datePublished\":\"2017-04-25T10:40:07+00:00\",\"dateModified\":\"2023-07-05T15:33:16+00:00\",\"breadcrumb\":{\"@id\":\"https:\/\/chriservice.fr\/?page_id=672#breadcrumb\"},\"inLanguage\":\"fr-FR\",\"potentialAction\":[{\"@type\":\"ReadAction\",\"target\":[\"https:\/\/chriservice.fr\/?page_id=672\"]}]},{\"@type\":\"ImageObject\",\"inLanguage\":\"fr-FR\",\"@id\":\"https:\/\/chriservice.fr\/?page_id=672#primaryimage\",\"url\":\"https:\/\/chriservice.fr\/wp-content\/uploads\/2023\/06\/informatique.webp\",\"contentUrl\":\"https:\/\/chriservice.fr\/wp-content\/uploads\/2023\/06\/informatique.webp\",\"width\":900,\"height\":600},{\"@type\":\"BreadcrumbList\",\"@id\":\"https:\/\/chriservice.fr\/?page_id=672#breadcrumb\",\"itemListElement\":[{\"@type\":\"ListItem\",\"position\":1,\"name\":\"Accueil\",\"item\":\"http:\/\/chriservice.fr\/\"},{\"@type\":\"ListItem\",\"position\":2,\"name\":\"\u00c0 propos\"}]},{\"@type\":\"WebSite\",\"@id\":\"http:\/\/chriservice.fr\/#website\",\"url\":\"http:\/\/chriservice.fr\/\",\"name\":\"Chriservice\",\"description\":\"Votre magasin Photos et Informatique\",\"publisher\":{\"@id\":\"http:\/\/chriservice.fr\/#organization\"},\"potentialAction\":[{\"@type\":\"SearchAction\",\"target\":{\"@type\":\"EntryPoint\",\"urlTemplate\":\"http:\/\/chriservice.fr\/?s={search_term_string}\"},\"query-input\":{\"@type\":\"PropertyValueSpecification\",\"valueRequired\":true,\"valueName\":\"search_term_string\"}}],\"inLanguage\":\"fr-FR\"},{\"@type\":\"Organization\",\"@id\":\"http:\/\/chriservice.fr\/#organization\",\"name\":\"Chriservice\",\"url\":\"http:\/\/chriservice.fr\/\",\"logo\":{\"@type\":\"ImageObject\",\"inLanguage\":\"fr-FR\",\"@id\":\"http:\/\/chriservice.fr\/#\/schema\/logo\/image\/\",\"url\":\"https:\/\/chriservice.fr\/wp-content\/uploads\/2023\/12\/Chriservice.png\",\"contentUrl\":\"https:\/\/chriservice.fr\/wp-content\/uploads\/2023\/12\/Chriservice.png\",\"width\":500,\"height\":500,\"caption\":\"Chriservice\"},\"image\":{\"@id\":\"http:\/\/chriservice.fr\/#\/schema\/logo\/image\/\"},\"sameAs\":[\"https:\/\/www.instagram.com\/chriservice92\/?hl=fr\"]}]}<\/script>\n<!-- \/ Yoast SEO plugin. -->","yoast_head_json":{"title":"\u00c0 propos - Chriservice","robots":{"index":"index","follow":"follow","max-snippet":"max-snippet:-1","max-image-preview":"max-image-preview:large","max-video-preview":"max-video-preview:-1"},"canonical":"https:\/\/chriservice.fr\/?page_id=672","og_locale":"fr_FR","og_type":"article","og_title":"\u00c0 propos - Chriservice","og_description":"Ceci est un petit extrait destin\u00e9 \u00e0 la &amp;nbsp;page \u00ab\u00a0\u00c0 propos\u00a0\u00bb.","og_url":"https:\/\/chriservice.fr\/?page_id=672","og_site_name":"Chriservice","article_modified_time":"2023-07-05T15:33:16+00:00","og_image":[{"url":"http:\/\/chriservice.fr\/wp-content\/uploads\/2023\/06\/informatique.webp","type":"","width":"","height":""}],"twitter_card":"summary_large_image","twitter_misc":{"Dur\u00e9e de lecture estim\u00e9e":"1 minute"},"schema":{"@context":"https:\/\/schema.org","@graph":[{"@type":"WebPage","@id":"https:\/\/chriservice.fr\/?page_id=672","url":"https:\/\/chriservice.fr\/?page_id=672","name":"\u00c0 propos - Chriservice","isPartOf":{"@id":"http:\/\/chriservice.fr\/#website"},"primaryImageOfPage":{"@id":"https:\/\/chriservice.fr\/?page_id=672#primaryimage"},"image":{"@id":"https:\/\/chriservice.fr\/?page_id=672#primaryimage"},"thumbnailUrl":"http:\/\/chriservice.fr\/wp-content\/uploads\/2023\/06\/informatique.webp","datePublished":"2017-04-25T10:40:07+00:00","dateModified":"2023-07-05T15:33:16+00:00","breadcrumb":{"@id":"https:\/\/chriservice.fr\/?page_id=672#breadcrumb"},"inLanguage":"fr-FR","potentialAction":[{"@type":"ReadAction","target":["https:\/\/chriservice.fr\/?page_id=672"]}]},{"@type":"ImageObject","inLanguage":"fr-FR","@id":"https:\/\/chriservice.fr\/?page_id=672#primaryimage","url":"https:\/\/chriservice.fr\/wp-content\/uploads\/2023\/06\/informatique.webp","contentUrl":"https:\/\/chriservice.fr\/wp-content\/uploads\/2023\/06\/informatique.webp","width":900,"height":600},{"@type":"BreadcrumbList","@id":"https:\/\/chriservice.fr\/?page_id=672#breadcrumb","itemListElement":[{"@type":"ListItem","position":1,"name":"Accueil","item":"http:\/\/chriservice.fr\/"},{"@type":"ListItem","position":2,"name":"\u00c0 propos"}]},{"@type":"WebSite","@id":"http:\/\/chriservice.fr\/#website","url":"http:\/\/chriservice.fr\/","name":"Chriservice","description":"Votre magasin Photos et Informatique","publisher":{"@id":"http:\/\/chriservice.fr\/#organization"},"potentialAction":[{"@type":"SearchAction","target":{"@type":"EntryPoint","urlTemplate":"http:\/\/chriservice.fr\/?s={search_term_string}"},"query-input":{"@type":"PropertyValueSpecification","valueRequired":true,"valueName":"search_term_string"}}],"inLanguage":"fr-FR"},{"@type":"Organization","@id":"http:\/\/chriservice.fr\/#organization","name":"Chriservice","url":"http:\/\/chriservice.fr\/","logo":{"@type":"ImageObject","inLanguage":"fr-FR","@id":"http:\/\/chriservice.fr\/#\/schema\/logo\/image\/","url":"https:\/\/chriservice.fr\/wp-content\/uploads\/2023\/12\/Chriservice.png","contentUrl":"https:\/\/chriservice.fr\/wp-content\/uploads\/2023\/12\/Chriservice.png","width":500,"height":500,"caption":"Chriservice"},"image":{"@id":"http:\/\/chriservice.fr\/#\/schema\/logo\/image\/"},"sameAs":["https:\/\/www.instagram.com\/chriservice92\/?hl=fr"]}]}},"uagb_featured_image_src":{"full":false,"thumbnail":false,"medium":false,"medium_large":false,"large":false,"1536x1536":false,"2048x2048":false,"post-image":false,"post-thumb":false},"uagb_author_info":{"display_name":"Chriservice","author_link":"https:\/\/chriservice.fr\/?author=1"},"uagb_comment_info":0,"uagb_excerpt":"Ceci est un petit extrait destin\u00e9 \u00e0 la &amp;nbsp;page \u00ab\u00a0\u00c0 propos\u00a0\u00bb.","_links":{"self":[{"href":"https:\/\/chriservice.fr\/index.php?rest_route=\/wp\/v2\/pages\/672","targetHints":{"allow":["GET"]}}],"collection":[{"href":"https:\/\/chriservice.fr\/index.php?rest_route=\/wp\/v2\/pages"}],"about":[{"href":"https:\/\/chriservice.fr\/index.php?rest_route=\/wp\/v2\/types\/page"}],"author":[{"embeddable":true,"href":"https:\/\/chriservice.fr\/index.php?rest_route=\/wp\/v2\/users\/1"}],"replies":[{"embeddable":true,"href":"https:\/\/chriservice.fr\/index.php?rest_route=%2Fwp%2Fv2%2Fcomments&post=672"}],"version-history":[{"count":13,"href":"https:\/\/chriservice.fr\/index.php?rest_route=\/wp\/v2\/pages\/672\/revisions"}],"predecessor-version":[{"id":957,"href":"https:\/\/chriservice.fr\/index.php?rest_route=\/wp\/v2\/pages\/672\/revisions\/957"}],"wp:attachment":[{"href":"https:\/\/chriservice.fr\/index.php?rest_route=%2Fwp%2Fv2%2Fmedia&parent=672"}],"curies":[{"name":"wp","href":"https:\/\/api.w.org\/{rel}","templated":true}]}}